{"id":2,"date":"2016-05-10T03:48:21","date_gmt":"2016-05-10T03:48:21","guid":{"rendered":"http:\/\/kovacspedbt.hu\/?page_id=2"},"modified":"2022-09-01T09:33:48","modified_gmt":"2022-09-01T09:33:48","slug":"sample-page","status":"publish","type":"page","link":"https:\/\/kovacspedbt.hu\/","title":{"rendered":"F\u0151oldal"},"content":{"rendered":"\t\t<div data-elementor-type=\"wp-page\" data-elementor-id=\"2\" class=\"elementor elementor-2\">\n\t\t\t\t\t\t<section class=\"elementor-section elementor-top-section elementor-element elementor-element-61b0d77 elementor-section-boxed elementor-section-height-default elementor-section-height-default\" data-id=\"61b0d77\" data-element_type=\"section\">\n\t\t\t\t\t\t<div class=\"elementor-container elementor-column-gap-default\">\n\t\t\t\t\t<div class=\"elementor-column elementor-col-100 elementor-top-column elementor-element elementor-element-a30df41\" data-id=\"a30df41\" data-element_type=\"column\">\n\t\t\t<div class=\"elementor-widget-wrap elementor-element-populated\">\n\t\t\t\t\t\t<div class=\"elementor-element elementor-element-974ba97 elementor-widget elementor-widget-menu-anchor\" data-id=\"974ba97\" data-element_type=\"widget\" data-widget_type=\"menu-anchor.default\">\n\t\t\t\t<div class=\"elementor-widget-container\">\n\t\t\t\t\t\t\t<div class=\"elementor-menu-anchor\" id=\"rolunk\"><\/div>\n\t\t\t\t\t\t<\/div>\n\t\t\t\t<\/div>\n\t\t\t\t<div class=\"elementor-element elementor-element-4274b5c elementor-widget elementor-widget-heading\" data-id=\"4274b5c\" data-element_type=\"widget\" data-widget_type=\"heading.default\">\n\t\t\t\t<div class=\"elementor-widget-container\">\n\t\t\t\t\t<h2 class=\"elementor-heading-title elementor-size-default\">R\u00f3lunk<\/h2>\t\t\t\t<\/div>\n\t\t\t\t<\/div>\n\t\t\t\t<div class=\"elementor-element elementor-element-d6d16da elementor-widget elementor-widget-text-editor\" data-id=\"d6d16da\" data-element_type=\"widget\" data-widget_type=\"text-editor.default\">\n\t\t\t\t<div class=\"elementor-widget-container\">\n\t\t\t\t\t\t\t\t\t<p>Lorem ipsum dolor sit amet, consectetur adipiscing elit. Ut elit tellus, luctus nec ullamcorper mattis, pulvinar dapibus leo. Lorem ipsum dolor sit amet, consectetur adipiscing elit. Ut elit tellus, luctus nec ullamcorper mattis, pulvinar dapibus leo. Lorem ipsum dolor sit amet, consectetur adipiscing elit.<\/p><p>\u00a0<\/p><p>Ut elit tellus, luctus nec ullamcorper mattis, pulvinar dapibus leo. Lorem ipsum dolor sit amet, consectetur adipiscing elit. Ut elit tellus, luctus nec ullamcorper mattis, pulvinar dapibus leo. Lorem ipsum dolor sit amet, consectetur adipiscing elit. Ut elit tellus, luctus nec ullamcorper mattis, pulvinar dapibus leo. v v Lorem ipsum dolor sit amet, consectetur adipiscing elit. Ut elit tellus, luctus nec ullamcorper mattis, pulvinar dapibus leo. v<\/p><p>\u00a0<\/p><p>Lorem ipsum dolor sit amet, consectetur adipiscing elit. Ut elit tellus, luctus nec ullamcorper mattis, pulvinar dapibus leo. Lorem ipsum dolor sit amet, consectetur adipiscing elit. Ut elit tellus, luctus nec ullamcorper mattis, pulvinar dapibus leo. Lorem ipsum dolor sit amet, consectetur adipiscing elit. Ut elit tellus, luctus nec ullamcorper mattis, pulvinar dapibus leo. Lorem ipsum dolor sit amet, consectetur adipiscing elit. Ut elit tellus, luctus nec ullamcorper mattis, pulvinar dapibus leo. v Lorem ipsum dolor sit amet, consectetur adipiscing elit. Ut elit tellus, luctus nec ullamcorper mattis, pulvinar dapibus leo.Lorem ipsum dolor sit amet, consectetur adipiscing elit. Ut elit tellus, luctus nec ullamcorper mattis, pulvinar dapibus leo.<\/p>\t\t\t\t\t\t\t\t<\/div>\n\t\t\t\t<\/div>\n\t\t\t\t\t<\/div>\n\t\t<\/div>\n\t\t\t\t\t<\/div>\n\t\t<\/section>\n\t\t\t\t<section class=\"elementor-section elementor-top-section elementor-element elementor-element-608adea elementor-section-boxed elementor-section-height-default elementor-section-height-default\" data-id=\"608adea\" data-element_type=\"section\">\n\t\t\t\t\t\t<div class=\"elementor-container elementor-column-gap-default\">\n\t\t\t\t\t<div class=\"elementor-column elementor-col-100 elementor-top-column elementor-element elementor-element-742fc3e\" data-id=\"742fc3e\" data-element_type=\"column\">\n\t\t\t<div class=\"elementor-widget-wrap elementor-element-populated\">\n\t\t\t\t\t\t<div class=\"elementor-element elementor-element-448758a elementor-widget elementor-widget-menu-anchor\" data-id=\"448758a\" data-element_type=\"widget\" data-widget_type=\"menu-anchor.default\">\n\t\t\t\t<div class=\"elementor-widget-container\">\n\t\t\t\t\t\t\t<div class=\"elementor-menu-anchor\" id=\"palyazat\"><\/div>\n\t\t\t\t\t\t<\/div>\n\t\t\t\t<\/div>\n\t\t\t\t<div class=\"elementor-element elementor-element-aba0153 elementor-widget elementor-widget-heading\" data-id=\"aba0153\" data-element_type=\"widget\" data-widget_type=\"heading.default\">\n\t\t\t\t<div class=\"elementor-widget-container\">\n\t\t\t\t\t<h2 class=\"elementor-heading-title elementor-size-default\">P\u00e1ly\u00e1zat<\/h2>\t\t\t\t<\/div>\n\t\t\t\t<\/div>\n\t\t\t\t<div class=\"elementor-element elementor-element-8477aad elementor-widget elementor-widget-text-editor\" data-id=\"8477aad\" data-element_type=\"widget\" data-widget_type=\"text-editor.default\">\n\t\t\t\t<div class=\"elementor-widget-container\">\n\t\t\t\t\t\t\t\t\t<p>Kov\u00e1cs-Ped Bt. bemutatkoz\u00f3 anyag<\/p><p>\u00a0<\/p><p>A Vid\u00e9kfejleszt\u00e9si Program keret\u00e9n bel\u00fcl a Vid\u00e9kfejleszt\u00e9si Program Ir\u00e1ny\u00edt\u00f3 Hat\u00f3s\u00e1ga,\u00a0<em>Helyi szolg\u00e1ltat\u00e1sfejleszt\u00e9s, nem mez\u0151gazdas\u00e1gi v\u00e1llalkoz\u00e1sok t\u00e1mogat\u00e1sa\u00a0<\/em>c\u00edm\u0171 felh\u00edv\u00e1s alapj\u00e1n, Kov\u00e1cs-Ped Bt. 4 999\u00a0988 Ft vissza nem t\u00e9r\u00edtend\u0151 t\u00e1mogat\u00e1sban r\u00e9szes\u00edtette.<\/p><p>A projekt c\u00e9lja a Kov\u00e1cs-Ped Bt, r\u00e9sz\u00e9re egy \u00faj szolg\u00e1ltat\u00e1s ind\u00edt\u00e1sa a bihari t\u00e9rs\u00e9gben. V\u00e1llalkoz\u00f3k\u00e9nt l\u00e9gv\u00e1r kitelep\u00edt\u00e9si szolg\u00e1ltat\u00e1st k\u00edv\u00e1nok v\u00e9gezni. A lehets\u00e9ges megrendel\u0151k \u00f6nkorm\u00e1nyzatok, mag\u00e1nszem\u00e9lyek, v\u00e1llalkoz\u00e1sok, akik falunapokon, rendezv\u00e9nyeken, csal\u00e1di napokon, sz\u00fclet\u00e9snapokon l\u00e9gv\u00e1rral, j\u00e1tsz\u00f3v\u00e1rral k\u00edv\u00e1nj\u00e1k sz\u00f3rakoztatni a r\u00e9sztvev\u0151 gyerekeket. A projekt f\u0151 tev\u00e9kenys\u00e9ge a l\u00e9gv\u00e1rak beszerz\u00e9se, honlap kialak\u00edt\u00e1sa, marketing tev\u00e9kenys\u00e9g v\u00e9gz\u00e9se.<\/p><p>Az al\u00e1bbi eszk\u00f6z\u00f6k ker\u00fcltek beszerz\u00e9sre a projekt keret\u00e9ben:<\/p><ol><li>8 db l\u00e9gv\u00e1r<\/li><li>Robban\u00f3motoros egyf\u00e1zis\u00fa \u00e1ramfejleszt\u0151<\/li><\/ol><p>A megv\u00e1s\u00e1rolt eszk\u00f6z\u00f6kkel lehet\u0151s\u00e9g ny\u00edlt az \u00faj szolg\u00e1ltat\u00e1s bevezet\u00e9s\u00e9re: parti szolg\u00e1ltat\u00e1sok ny\u00fajt\u00e1sa mag\u00e1nszem\u00e9lyek \u00e9s k\u00f6z\u00fcletek r\u00e9sz\u00e9re.<\/p><p>Az eszk\u00f6zbeszerz\u00e9sen t\u00fal megval\u00f3sultak m\u00e9g arculattervez\u00e9s, honlapk\u00e9sz\u00edt\u00e9s, marketing szolg\u00e1ltat\u00e1s \u00e9s a t\u00e1j\u00e9koztat\u00e1s nyilv\u00e1noss\u00e1g biztos\u00edt\u00e1sa tev\u00e9kenys\u00e9gek.<\/p><p>\u00a0<\/p><p>Cs\u00f6km\u0151, 2022. m\u00e1rcius 31.<\/p>\t\t\t\t\t\t\t\t<\/div>\n\t\t\t\t<\/div>\n\t\t\t\t<div class=\"elementor-element elementor-element-c2c50bc gallery-spacing-custom elementor-widget elementor-widget-image-gallery\" data-id=\"c2c50bc\" data-element_type=\"widget\" data-widget_type=\"image-gallery.default\">\n\t\t\t\t<div class=\"elementor-widget-container\">\n\t\t\t\t\t\t\t<div class=\"elementor-image-gallery\">\n\t\t\t<div id='gallery-1' class='gallery galleryid-2 gallery-columns-6 gallery-size-thumbnail'><figure class='gallery-item'>\n\t\t\t<div class='gallery-icon landscape'>\n\t\t\t\t<a data-elementor-open-lightbox=\"yes\" data-elementor-lightbox-slideshow=\"c2c50bc\" data-elementor-lightbox-title=\"Ke\u0301p1\" data-e-action-hash=\"#elementor-action%3Aaction%3Dlightbox%26settings%3DeyJpZCI6MzEsInVybCI6Imh0dHBzOlwvXC9rb3ZhY3NwZWRidC5odVwvd3AtY29udGVudFwvdXBsb2Fkc1wvMjAyMlwvMDlcL0tlXHUwMzAxcDEucG5nIiwic2xpZGVzaG93IjoiYzJjNTBiYyJ9\" href='https:\/\/kovacspedbt.hu\/wp-content\/uploads\/2022\/09\/Ke\u0301p1.png'><img decoding=\"async\" width=\"150\" height=\"150\" src=\"https:\/\/kovacspedbt.hu\/wp-content\/uploads\/2022\/09\/Ke\u0301p1-150x150.png\" class=\"attachment-thumbnail size-thumbnail\" alt=\"\" \/><\/a>\n\t\t\t<\/div><\/figure><figure class='gallery-item'>\n\t\t\t<div class='gallery-icon portrait'>\n\t\t\t\t<a data-elementor-open-lightbox=\"yes\" data-elementor-lightbox-slideshow=\"c2c50bc\" data-elementor-lightbox-title=\"Ke\u0301p2\" data-e-action-hash=\"#elementor-action%3Aaction%3Dlightbox%26settings%3DeyJpZCI6MzIsInVybCI6Imh0dHBzOlwvXC9rb3ZhY3NwZWRidC5odVwvd3AtY29udGVudFwvdXBsb2Fkc1wvMjAyMlwvMDlcL0tlXHUwMzAxcDIucG5nIiwic2xpZGVzaG93IjoiYzJjNTBiYyJ9\" href='https:\/\/kovacspedbt.hu\/wp-content\/uploads\/2022\/09\/Ke\u0301p2.png'><img decoding=\"async\" width=\"150\" height=\"150\" src=\"https:\/\/kovacspedbt.hu\/wp-content\/uploads\/2022\/09\/Ke\u0301p2-150x150.png\" class=\"attachment-thumbnail size-thumbnail\" alt=\"\" \/><\/a>\n\t\t\t<\/div><\/figure><figure class='gallery-item'>\n\t\t\t<div class='gallery-icon landscape'>\n\t\t\t\t<a data-elementor-open-lightbox=\"yes\" data-elementor-lightbox-slideshow=\"c2c50bc\" data-elementor-lightbox-title=\"Ke\u0301p3\" data-e-action-hash=\"#elementor-action%3Aaction%3Dlightbox%26settings%3DeyJpZCI6MzMsInVybCI6Imh0dHBzOlwvXC9rb3ZhY3NwZWRidC5odVwvd3AtY29udGVudFwvdXBsb2Fkc1wvMjAyMlwvMDlcL0tlXHUwMzAxcDMucG5nIiwic2xpZGVzaG93IjoiYzJjNTBiYyJ9\" href='https:\/\/kovacspedbt.hu\/wp-content\/uploads\/2022\/09\/Ke\u0301p3.png'><img decoding=\"async\" width=\"150\" height=\"150\" src=\"https:\/\/kovacspedbt.hu\/wp-content\/uploads\/2022\/09\/Ke\u0301p3-150x150.png\" class=\"attachment-thumbnail size-thumbnail\" alt=\"\" \/><\/a>\n\t\t\t<\/div><\/figure><figure class='gallery-item'>\n\t\t\t<div class='gallery-icon portrait'>\n\t\t\t\t<a data-elementor-open-lightbox=\"yes\" data-elementor-lightbox-slideshow=\"c2c50bc\" data-elementor-lightbox-title=\"Ke\u0301p4\" data-e-action-hash=\"#elementor-action%3Aaction%3Dlightbox%26settings%3DeyJpZCI6MzQsInVybCI6Imh0dHBzOlwvXC9rb3ZhY3NwZWRidC5odVwvd3AtY29udGVudFwvdXBsb2Fkc1wvMjAyMlwvMDlcL0tlXHUwMzAxcDQucG5nIiwic2xpZGVzaG93IjoiYzJjNTBiYyJ9\" href='https:\/\/kovacspedbt.hu\/wp-content\/uploads\/2022\/09\/Ke\u0301p4.png'><img loading=\"lazy\" decoding=\"async\" width=\"150\" height=\"150\" src=\"https:\/\/kovacspedbt.hu\/wp-content\/uploads\/2022\/09\/Ke\u0301p4-150x150.png\" class=\"attachment-thumbnail size-thumbnail\" alt=\"\" \/><\/a>\n\t\t\t<\/div><\/figure><figure class='gallery-item'>\n\t\t\t<div class='gallery-icon portrait'>\n\t\t\t\t<a data-elementor-open-lightbox=\"yes\" data-elementor-lightbox-slideshow=\"c2c50bc\" data-elementor-lightbox-title=\"Ke\u0301p5\" data-e-action-hash=\"#elementor-action%3Aaction%3Dlightbox%26settings%3DeyJpZCI6MzUsInVybCI6Imh0dHBzOlwvXC9rb3ZhY3NwZWRidC5odVwvd3AtY29udGVudFwvdXBsb2Fkc1wvMjAyMlwvMDlcL0tlXHUwMzAxcDUucG5nIiwic2xpZGVzaG93IjoiYzJjNTBiYyJ9\" href='https:\/\/kovacspedbt.hu\/wp-content\/uploads\/2022\/09\/Ke\u0301p5.png'><img loading=\"lazy\" decoding=\"async\" width=\"150\" height=\"150\" src=\"https:\/\/kovacspedbt.hu\/wp-content\/uploads\/2022\/09\/Ke\u0301p5-150x150.png\" class=\"attachment-thumbnail size-thumbnail\" alt=\"\" \/><\/a>\n\t\t\t<\/div><\/figure><figure class='gallery-item'>\n\t\t\t<div class='gallery-icon landscape'>\n\t\t\t\t<a data-elementor-open-lightbox=\"yes\" data-elementor-lightbox-slideshow=\"c2c50bc\" data-elementor-lightbox-title=\"Ke\u0301p6\" data-e-action-hash=\"#elementor-action%3Aaction%3Dlightbox%26settings%3DeyJpZCI6MzYsInVybCI6Imh0dHBzOlwvXC9rb3ZhY3NwZWRidC5odVwvd3AtY29udGVudFwvdXBsb2Fkc1wvMjAyMlwvMDlcL0tlXHUwMzAxcDYucG5nIiwic2xpZGVzaG93IjoiYzJjNTBiYyJ9\" href='https:\/\/kovacspedbt.hu\/wp-content\/uploads\/2022\/09\/Ke\u0301p6.png'><img loading=\"lazy\" decoding=\"async\" width=\"150\" height=\"150\" src=\"https:\/\/kovacspedbt.hu\/wp-content\/uploads\/2022\/09\/Ke\u0301p6-150x150.png\" class=\"attachment-thumbnail size-thumbnail\" alt=\"\" \/><\/a>\n\t\t\t<\/div><\/figure><figure class='gallery-item'>\n\t\t\t<div class='gallery-icon landscape'>\n\t\t\t\t<a data-elementor-open-lightbox=\"yes\" data-elementor-lightbox-slideshow=\"c2c50bc\" data-elementor-lightbox-title=\"Ke\u0301p7\" data-e-action-hash=\"#elementor-action%3Aaction%3Dlightbox%26settings%3DeyJpZCI6MzcsInVybCI6Imh0dHBzOlwvXC9rb3ZhY3NwZWRidC5odVwvd3AtY29udGVudFwvdXBsb2Fkc1wvMjAyMlwvMDlcL0tlXHUwMzAxcDcucG5nIiwic2xpZGVzaG93IjoiYzJjNTBiYyJ9\" href='https:\/\/kovacspedbt.hu\/wp-content\/uploads\/2022\/09\/Ke\u0301p7.png'><img loading=\"lazy\" decoding=\"async\" width=\"150\" height=\"150\" src=\"https:\/\/kovacspedbt.hu\/wp-content\/uploads\/2022\/09\/Ke\u0301p7-150x150.png\" class=\"attachment-thumbnail size-thumbnail\" alt=\"\" \/><\/a>\n\t\t\t<\/div><\/figure><figure class='gallery-item'>\n\t\t\t<div class='gallery-icon landscape'>\n\t\t\t\t<a data-elementor-open-lightbox=\"yes\" data-elementor-lightbox-slideshow=\"c2c50bc\" data-elementor-lightbox-title=\"Ke\u0301p8\" data-e-action-hash=\"#elementor-action%3Aaction%3Dlightbox%26settings%3DeyJpZCI6MzgsInVybCI6Imh0dHBzOlwvXC9rb3ZhY3NwZWRidC5odVwvd3AtY29udGVudFwvdXBsb2Fkc1wvMjAyMlwvMDlcL0tlXHUwMzAxcDgucG5nIiwic2xpZGVzaG93IjoiYzJjNTBiYyJ9\" href='https:\/\/kovacspedbt.hu\/wp-content\/uploads\/2022\/09\/Ke\u0301p8.png'><img loading=\"lazy\" decoding=\"async\" width=\"150\" height=\"150\" src=\"https:\/\/kovacspedbt.hu\/wp-content\/uploads\/2022\/09\/Ke\u0301p8-150x150.png\" class=\"attachment-thumbnail size-thumbnail\" alt=\"\" \/><\/a>\n\t\t\t<\/div><\/figure><figure class='gallery-item'>\n\t\t\t<div class='gallery-icon landscape'>\n\t\t\t\t<a data-elementor-open-lightbox=\"yes\" data-elementor-lightbox-slideshow=\"c2c50bc\" data-elementor-lightbox-title=\"Ke\u0301p9\" data-e-action-hash=\"#elementor-action%3Aaction%3Dlightbox%26settings%3DeyJpZCI6MzksInVybCI6Imh0dHBzOlwvXC9rb3ZhY3NwZWRidC5odVwvd3AtY29udGVudFwvdXBsb2Fkc1wvMjAyMlwvMDlcL0tlXHUwMzAxcDkucG5nIiwic2xpZGVzaG93IjoiYzJjNTBiYyJ9\" href='https:\/\/kovacspedbt.hu\/wp-content\/uploads\/2022\/09\/Ke\u0301p9.png'><img loading=\"lazy\" decoding=\"async\" width=\"150\" height=\"150\" src=\"https:\/\/kovacspedbt.hu\/wp-content\/uploads\/2022\/09\/Ke\u0301p9-150x150.png\" class=\"attachment-thumbnail size-thumbnail\" alt=\"\" \/><\/a>\n\t\t\t<\/div><\/figure><figure class='gallery-item'>\n\t\t\t<div class='gallery-icon landscape'>\n\t\t\t\t<a data-elementor-open-lightbox=\"yes\" data-elementor-lightbox-slideshow=\"c2c50bc\" data-elementor-lightbox-title=\"Ke\u0301p10\" data-e-action-hash=\"#elementor-action%3Aaction%3Dlightbox%26settings%3DeyJpZCI6NDAsInVybCI6Imh0dHBzOlwvXC9rb3ZhY3NwZWRidC5odVwvd3AtY29udGVudFwvdXBsb2Fkc1wvMjAyMlwvMDlcL0tlXHUwMzAxcDEwLnBuZyIsInNsaWRlc2hvdyI6ImMyYzUwYmMifQ%3D%3D\" href='https:\/\/kovacspedbt.hu\/wp-content\/uploads\/2022\/09\/Ke\u0301p10.png'><img loading=\"lazy\" decoding=\"async\" width=\"150\" height=\"150\" src=\"https:\/\/kovacspedbt.hu\/wp-content\/uploads\/2022\/09\/Ke\u0301p10-150x150.png\" class=\"attachment-thumbnail size-thumbnail\" alt=\"\" \/><\/a>\n\t\t\t<\/div><\/figure><figure class='gallery-item'>\n\t\t\t<div class='gallery-icon landscape'>\n\t\t\t\t<a data-elementor-open-lightbox=\"yes\" data-elementor-lightbox-slideshow=\"c2c50bc\" data-elementor-lightbox-title=\"Ke\u0301p11\" data-e-action-hash=\"#elementor-action%3Aaction%3Dlightbox%26settings%3DeyJpZCI6NDEsInVybCI6Imh0dHBzOlwvXC9rb3ZhY3NwZWRidC5odVwvd3AtY29udGVudFwvdXBsb2Fkc1wvMjAyMlwvMDlcL0tlXHUwMzAxcDExLnBuZyIsInNsaWRlc2hvdyI6ImMyYzUwYmMifQ%3D%3D\" href='https:\/\/kovacspedbt.hu\/wp-content\/uploads\/2022\/09\/Ke\u0301p11.png'><img loading=\"lazy\" decoding=\"async\" width=\"150\" height=\"150\" src=\"https:\/\/kovacspedbt.hu\/wp-content\/uploads\/2022\/09\/Ke\u0301p11-150x150.png\" class=\"attachment-thumbnail size-thumbnail\" alt=\"\" \/><\/a>\n\t\t\t<\/div><\/figure><figure class='gallery-item'>\n\t\t\t<div class='gallery-icon landscape'>\n\t\t\t\t<a data-elementor-open-lightbox=\"yes\" data-elementor-lightbox-slideshow=\"c2c50bc\" data-elementor-lightbox-title=\"Ke\u0301p12\" data-e-action-hash=\"#elementor-action%3Aaction%3Dlightbox%26settings%3DeyJpZCI6NDIsInVybCI6Imh0dHBzOlwvXC9rb3ZhY3NwZWRidC5odVwvd3AtY29udGVudFwvdXBsb2Fkc1wvMjAyMlwvMDlcL0tlXHUwMzAxcDEyLnBuZyIsInNsaWRlc2hvdyI6ImMyYzUwYmMifQ%3D%3D\" href='https:\/\/kovacspedbt.hu\/wp-content\/uploads\/2022\/09\/Ke\u0301p12.png'><img loading=\"lazy\" decoding=\"async\" width=\"150\" height=\"150\" src=\"https:\/\/kovacspedbt.hu\/wp-content\/uploads\/2022\/09\/Ke\u0301p12-150x150.png\" class=\"attachment-thumbnail size-thumbnail\" alt=\"\" \/><\/a>\n\t\t\t<\/div><\/figure><figure class='gallery-item'>\n\t\t\t<div class='gallery-icon landscape'>\n\t\t\t\t<a data-elementor-open-lightbox=\"yes\" data-elementor-lightbox-slideshow=\"c2c50bc\" data-elementor-lightbox-title=\"Ke\u0301p13\" data-e-action-hash=\"#elementor-action%3Aaction%3Dlightbox%26settings%3DeyJpZCI6NDMsInVybCI6Imh0dHBzOlwvXC9rb3ZhY3NwZWRidC5odVwvd3AtY29udGVudFwvdXBsb2Fkc1wvMjAyMlwvMDlcL0tlXHUwMzAxcDEzLnBuZyIsInNsaWRlc2hvdyI6ImMyYzUwYmMifQ%3D%3D\" href='https:\/\/kovacspedbt.hu\/wp-content\/uploads\/2022\/09\/Ke\u0301p13.png'><img loading=\"lazy\" decoding=\"async\" width=\"150\" height=\"150\" src=\"https:\/\/kovacspedbt.hu\/wp-content\/uploads\/2022\/09\/Ke\u0301p13-150x150.png\" class=\"attachment-thumbnail size-thumbnail\" alt=\"\" \/><\/a>\n\t\t\t<\/div><\/figure><figure class='gallery-item'>\n\t\t\t<div class='gallery-icon portrait'>\n\t\t\t\t<a data-elementor-open-lightbox=\"yes\" data-elementor-lightbox-slideshow=\"c2c50bc\" data-elementor-lightbox-title=\"Ke\u0301p14\" data-e-action-hash=\"#elementor-action%3Aaction%3Dlightbox%26settings%3DeyJpZCI6NDQsInVybCI6Imh0dHBzOlwvXC9rb3ZhY3NwZWRidC5odVwvd3AtY29udGVudFwvdXBsb2Fkc1wvMjAyMlwvMDlcL0tlXHUwMzAxcDE0LnBuZyIsInNsaWRlc2hvdyI6ImMyYzUwYmMifQ%3D%3D\" href='https:\/\/kovacspedbt.hu\/wp-content\/uploads\/2022\/09\/Ke\u0301p14.png'><img loading=\"lazy\" decoding=\"async\" width=\"150\" height=\"150\" src=\"https:\/\/kovacspedbt.hu\/wp-content\/uploads\/2022\/09\/Ke\u0301p14-150x150.png\" class=\"attachment-thumbnail size-thumbnail\" alt=\"\" \/><\/a>\n\t\t\t<\/div><\/figure><figure class='gallery-item'>\n\t\t\t<div class='gallery-icon portrait'>\n\t\t\t\t<a data-elementor-open-lightbox=\"yes\" data-elementor-lightbox-slideshow=\"c2c50bc\" data-elementor-lightbox-title=\"Ke\u0301p15\" data-e-action-hash=\"#elementor-action%3Aaction%3Dlightbox%26settings%3DeyJpZCI6NDUsInVybCI6Imh0dHBzOlwvXC9rb3ZhY3NwZWRidC5odVwvd3AtY29udGVudFwvdXBsb2Fkc1wvMjAyMlwvMDlcL0tlXHUwMzAxcDE1LnBuZyIsInNsaWRlc2hvdyI6ImMyYzUwYmMifQ%3D%3D\" href='https:\/\/kovacspedbt.hu\/wp-content\/uploads\/2022\/09\/Ke\u0301p15.png'><img loading=\"lazy\" decoding=\"async\" width=\"150\" height=\"150\" src=\"https:\/\/kovacspedbt.hu\/wp-content\/uploads\/2022\/09\/Ke\u0301p15-150x150.png\" class=\"attachment-thumbnail size-thumbnail\" alt=\"\" \/><\/a>\n\t\t\t<\/div><\/figure>\n\t\t<\/div>\n\t\t<\/div>\n\t\t\t\t\t\t<\/div>\n\t\t\t\t<\/div>\n\t\t\t\t\t<\/div>\n\t\t<\/div>\n\t\t\t\t\t<\/div>\n\t\t<\/section>\n\t\t\t\t<section class=\"elementor-section elementor-top-section elementor-element elementor-element-c128bff elementor-section-boxed elementor-section-height-default elementor-section-height-default\" data-id=\"c128bff\" data-element_type=\"section\">\n\t\t\t\t\t\t<div class=\"elementor-container elementor-column-gap-default\">\n\t\t\t\t\t<div class=\"elementor-column elementor-col-100 elementor-top-column elementor-element elementor-element-7d8ca00\" data-id=\"7d8ca00\" data-element_type=\"column\">\n\t\t\t<div class=\"elementor-widget-wrap elementor-element-populated\">\n\t\t\t\t\t\t<div class=\"elementor-element elementor-element-8014127 elementor-widget elementor-widget-menu-anchor\" data-id=\"8014127\" data-element_type=\"widget\" data-widget_type=\"menu-anchor.default\">\n\t\t\t\t<div class=\"elementor-widget-container\">\n\t\t\t\t\t\t\t<div class=\"elementor-menu-anchor\" id=\"kapcsolat\"><\/div>\n\t\t\t\t\t\t<\/div>\n\t\t\t\t<\/div>\n\t\t\t\t<div class=\"elementor-element elementor-element-c29dc87 elementor-widget elementor-widget-heading\" data-id=\"c29dc87\" data-element_type=\"widget\" data-widget_type=\"heading.default\">\n\t\t\t\t<div class=\"elementor-widget-container\">\n\t\t\t\t\t<h2 class=\"elementor-heading-title elementor-size-default\">Kapcsolat<\/h2>\t\t\t\t<\/div>\n\t\t\t\t<\/div>\n\t\t\t\t<div class=\"elementor-element elementor-element-fbcab7d elementor-align-center elementor-icon-list--layout-traditional elementor-list-item-link-full_width elementor-widget elementor-widget-icon-list\" data-id=\"fbcab7d\" data-element_type=\"widget\" data-widget_type=\"icon-list.default\">\n\t\t\t\t<div class=\"elementor-widget-container\">\n\t\t\t\t\t\t\t<ul class=\"elementor-icon-list-items\">\n\t\t\t\t\t\t\t<li class=\"elementor-icon-list-item\">\n\t\t\t\t\t\t\t\t\t\t\t<span class=\"elementor-icon-list-icon\">\n\t\t\t\t\t\t\t<i aria-hidden=\"true\" class=\"fas fa-id-card\"><\/i>\t\t\t\t\t\t<\/span>\n\t\t\t\t\t\t\t\t\t\t<span class=\"elementor-icon-list-text\">Lorem ipsum<\/span>\n\t\t\t\t\t\t\t\t\t<\/li>\n\t\t\t\t\t\t\t\t<li class=\"elementor-icon-list-item\">\n\t\t\t\t\t\t\t\t\t\t\t<span class=\"elementor-icon-list-icon\">\n\t\t\t\t\t\t\t<i aria-hidden=\"true\" class=\"fas fa-phone\"><\/i>\t\t\t\t\t\t<\/span>\n\t\t\t\t\t\t\t\t\t\t<span class=\"elementor-icon-list-text\">Lorem ipsum<\/span>\n\t\t\t\t\t\t\t\t\t<\/li>\n\t\t\t\t\t\t\t\t<li class=\"elementor-icon-list-item\">\n\t\t\t\t\t\t\t\t\t\t\t<span class=\"elementor-icon-list-icon\">\n\t\t\t\t\t\t\t<i aria-hidden=\"true\" class=\"far fa-envelope-open\"><\/i>\t\t\t\t\t\t<\/span>\n\t\t\t\t\t\t\t\t\t\t<span class=\"elementor-icon-list-text\">Lorem ipsum<\/span>\n\t\t\t\t\t\t\t\t\t<\/li>\n\t\t\t\t\t\t<\/ul>\n\t\t\t\t\t\t<\/div>\n\t\t\t\t<\/div>\n\t\t\t\t\t<\/div>\n\t\t<\/div>\n\t\t\t\t\t<\/div>\n\t\t<\/section>\n\t\t\t\t<\/div>\n\t\t","protected":false},"excerpt":{"rendered":"<p>R\u00f3lunk Lorem ipsum dolor sit amet, consectetur adipiscing elit. Ut elit tellus, luctus nec ullamcorper mattis, pulvinar dapibus leo. Lorem ipsum dolor sit amet, consectetur adipiscing elit. Ut elit tellus, luctus nec ullamcorper mattis, pulvinar dapibus leo. Lorem ipsum dolor sit amet, consectetur adipiscing elit. \u00a0 Ut elit tellus, luctus nec ullamcorper mattis, pulvinar dapibus [&hellip;]<\/p>\n","protected":false},"author":1,"featured_media":0,"parent":0,"menu_order":0,"comment_status":"closed","ping_status":"open","template":"","meta":{"footnotes":""},"class_list":["post-2","page","type-page","status-publish","hentry"],"_links":{"self":[{"href":"https:\/\/kovacspedbt.hu\/index.php?rest_route=\/wp\/v2\/pages\/2","targetHints":{"allow":["GET"]}}],"collection":[{"href":"https:\/\/kovacspedbt.hu\/index.php?rest_route=\/wp\/v2\/pages"}],"about":[{"href":"https:\/\/kovacspedbt.hu\/index.php?rest_route=\/wp\/v2\/types\/page"}],"author":[{"embeddable":true,"href":"https:\/\/kovacspedbt.hu\/index.php?rest_route=\/wp\/v2\/users\/1"}],"replies":[{"embeddable":true,"href":"https:\/\/kovacspedbt.hu\/index.php?rest_route=%2Fwp%2Fv2%2Fcomments&post=2"}],"version-history":[{"count":31,"href":"https:\/\/kovacspedbt.hu\/index.php?rest_route=\/wp\/v2\/pages\/2\/revisions"}],"predecessor-version":[{"id":71,"href":"https:\/\/kovacspedbt.hu\/index.php?rest_route=\/wp\/v2\/pages\/2\/revisions\/71"}],"wp:attachment":[{"href":"https:\/\/kovacspedbt.hu\/index.php?rest_route=%2Fwp%2Fv2%2Fmedia&parent=2"}],"curies":[{"name":"wp","href":"https:\/\/api.w.org\/{rel}","templated":true}]}}